{"id":177,"date":"2024-04-08T18:43:30","date_gmt":"2024-04-08T18:43:30","guid":{"rendered":"https:\/\/www.hotel-plage-ste-maxime.com\/?page_id=177"},"modified":"2024-05-16T10:29:10","modified_gmt":"2024-05-16T10:29:10","slug":"contact","status":"publish","type":"page","link":"https:\/\/www.hotel-plage-ste-maxime.com\/contact\/","title":{"rendered":"Contact"},"content":{"rendered":"<p>[et_pb_section fb_built=&#8221;1&#8243; admin_label=&#8221;Header &#038; Contact Form&#8221; _builder_version=&#8221;4.24.2&#8243; _module_preset=&#8221;default&#8221; collapsed=&#8221;off&#8221; global_colors_info=&#8221;{}&#8221;][et_pb_row _builder_version=&#8221;4.24.2&#8243; _module_preset=&#8221;default&#8221; width=&#8221;90%&#8221; max_width=&#8221;none&#8221; locked=&#8221;off&#8221; global_colors_info=&#8221;{}&#8221;][et_pb_column type=&#8221;4_4&#8243; _builder_version=&#8221;4.24.2&#8243; _module_preset=&#8221;default&#8221; global_colors_info=&#8221;{}&#8221;][et_pb_text _builder_version=&#8221;4.24.3&#8243; _module_preset=&#8221;_initial&#8221; header_font=&#8221;Aclonica|500||on|||||&#8221; header_font_size=&#8221;77px&#8221; header_letter_spacing=&#8221;-0.06em&#8221; hover_enabled=&#8221;0&#8243; header_font_size_tablet=&#8221;40px&#8221; header_font_size_phone=&#8221;24px&#8221; header_font_size_last_edited=&#8221;on|desktop&#8221; global_colors_info=&#8221;{}&#8221; content_en_us=&#8221;<\/p>\n<h1>Contact us<\/h1>\n<p>&#8221; sticky_enabled=&#8221;0&#8243;]<\/p>\n<h1>Nous contacter<\/h1>\n<p>[\/et_pb_text][\/et_pb_column][\/et_pb_row][et_pb_row column_structure=&#8221;1_4,3_4&#8243; _builder_version=&#8221;4.24.2&#8243; _module_preset=&#8221;default&#8221; width=&#8221;90%&#8221; max_width=&#8221;none&#8221; locked=&#8221;off&#8221; global_colors_info=&#8221;{}&#8221;][et_pb_column type=&#8221;1_4&#8243; _builder_version=&#8221;4.24.2&#8243; _module_preset=&#8221;default&#8221; global_colors_info=&#8221;{}&#8221;][et_pb_text _builder_version=&#8221;4.24.3&#8243; _module_preset=&#8221;_initial&#8221; header_4_font=&#8221;Inter|600||on|||||&#8221; header_4_text_color=&#8221;gcid-026ff79c-cfbd-4464-8301-81adff325a85&#8243; header_4_font_size=&#8221;14px&#8221; header_4_letter_spacing=&#8221;1px&#8221; header_4_line_height=&#8221;1.8em&#8221; custom_margin=&#8221;||0px||false|false&#8221; hover_enabled=&#8221;0&#8243; global_colors_info=&#8221;{%22gcid-026ff79c-cfbd-4464-8301-81adff325a85%22:%91%22header_4_text_color%22%93}&#8221; content_en_us=&#8221;<\/p>\n<h4>BY EMAIL<\/h4>\n<p>&#8221; sticky_enabled=&#8221;0&#8243;]<\/p>\n<h4>Par E-mail<\/h4>\n<p>[\/et_pb_text][et_pb_text _builder_version=&#8221;4.23.4&#8243; _module_preset=&#8221;_initial&#8221; text_font=&#8221;Roboto|500|||||||&#8221; text_text_color=&#8221;#000000&#8243; text_font_size=&#8221;18px&#8221; text_line_height=&#8221;1.4em&#8221; link_text_color=&#8221;#000000&#8243; custom_margin=&#8221;||||false|false&#8221; locked=&#8221;off&#8221; global_colors_info=&#8221;{}&#8221;]<\/p>\n<p><span style=\"text-decoration: underline;\"><a href=\"mailto:hotel-la-plage@orange.fr\">hotel-la-plage@orange.fr<\/a><\/span><\/p>\n<p>[\/et_pb_text][et_pb_text _builder_version=&#8221;4.24.3&#8243; _module_preset=&#8221;_initial&#8221; header_4_font=&#8221;Inter|600||on|||||&#8221; header_4_text_color=&#8221;gcid-026ff79c-cfbd-4464-8301-81adff325a85&#8243; header_4_font_size=&#8221;14px&#8221; header_4_letter_spacing=&#8221;1px&#8221; header_4_line_height=&#8221;1.8em&#8221; custom_margin=&#8221;||0px||false|false&#8221; hover_enabled=&#8221;0&#8243; global_colors_info=&#8221;{%22gcid-026ff79c-cfbd-4464-8301-81adff325a85%22:%91%22header_4_text_color%22,%22header_4_text_color%22%93}&#8221; content_en_us=&#8221;<\/p>\n<h4>By Phone<\/h4>\n<p>&#8221; sticky_enabled=&#8221;0&#8243;]<\/p>\n<h4>Par t\u00e9l\u00e9phone<\/h4>\n<p>[\/et_pb_text][et_pb_text _builder_version=&#8221;4.23.4&#8243; _module_preset=&#8221;_initial&#8221; text_font=&#8221;Roboto|500|||||||&#8221; text_text_color=&#8221;#000000&#8243; text_font_size=&#8221;18px&#8221; text_line_height=&#8221;1.4em&#8221; link_text_color=&#8221;#000000&#8243; custom_margin=&#8221;||||false|false&#8221; link_option_url=&#8221;tel:+33494961401&#8243; locked=&#8221;off&#8221; global_colors_info=&#8221;{}&#8221;]<\/p>\n<p><span style=\"text-decoration: underline;\">+33 (0)4 94 96 14 01<\/span><\/p>\n<p>[\/et_pb_text][et_pb_text _builder_version=&#8221;4.24.3&#8243; _module_preset=&#8221;_initial&#8221; header_4_font=&#8221;Inter|600||on|||||&#8221; header_4_text_color=&#8221;gcid-026ff79c-cfbd-4464-8301-81adff325a85&#8243; header_4_font_size=&#8221;14px&#8221; header_4_letter_spacing=&#8221;1px&#8221; header_4_line_height=&#8221;1.8em&#8221; custom_margin=&#8221;||0px||false|false&#8221; hover_enabled=&#8221;0&#8243; global_colors_info=&#8221;{%22gcid-026ff79c-cfbd-4464-8301-81adff325a85%22:%91%22header_4_text_color%22,%22header_4_text_color%22%93}&#8221; content_en_us=&#8221;<\/p>\n<h4>At the hotel<\/h4>\n<p>&#8221; sticky_enabled=&#8221;0&#8243;]<\/p>\n<h4>Sur place<\/h4>\n<p>[\/et_pb_text][et_pb_text _builder_version=&#8221;4.23.4&#8243; _module_preset=&#8221;_initial&#8221; text_font=&#8221;Roboto|500|||||||&#8221; text_text_color=&#8221;#000000&#8243; text_font_size=&#8221;18px&#8221; text_line_height=&#8221;1.4em&#8221; link_text_color=&#8221;#000000&#8243; custom_margin=&#8221;||||false|false&#8221; link_option_url=&#8221;https:\/\/www.google.com\/maps\/place\/H%C3%B4tel+La+Plage\/@43.317588,6.6630716,17z\/data=!3m1!4b1!4m9!3m8!1s0x12cebf32914b9d89:0x3a8646e689848604!5m2!4m1!1i2!8m2!3d43.3175841!4d6.6656465!16s%2Fg%2F1v6p1h0n?entry=ttu&#8221; link_option_url_new_window=&#8221;on&#8221; locked=&#8221;off&#8221; global_colors_info=&#8221;{}&#8221;]<\/p>\n<p><span style=\"text-decoration: underline;\">36 Avenue G\u00e9n\u00e9ral Touzet du Vigier<\/span><\/p>\n<p>[\/et_pb_text][\/et_pb_column][et_pb_column type=&#8221;3_4&#8243; _builder_version=&#8221;4.24.2&#8243; _module_preset=&#8221;default&#8221; global_colors_info=&#8221;{}&#8221;][et_pb_contact_form email=&#8221;hotel-la-plage@orange.fr&#8221; _builder_version=&#8221;4.24.3&#8243; _module_preset=&#8221;default&#8221; _unique_id=&#8221;37352547-b97b-4413-85e2-b00056b20234&#8243; form_field_background_color=&#8221;RGBA(255,255,255,0)&#8221; form_field_focus_text_color=&#8221;#000000&#8243; form_field_custom_margin=&#8221;||16px||false|false&#8221; form_field_font=&#8221;Roboto|700||on|||||&#8221; form_field_font_size=&#8221;12px&#8221; form_field_letter_spacing=&#8221;0.2em&#8221; custom_button=&#8221;on&#8221; button_text_size=&#8221;12px&#8221; button_text_color=&#8221;#FFFFFF&#8221; button_bg_color=&#8221;#000000&#8243; button_border_width=&#8221;0px&#8221; button_border_radius=&#8221;0px&#8221; button_letter_spacing=&#8221;0.2em&#8221; button_font=&#8221;Roboto|700||on|||||&#8221; button_custom_margin=&#8221;16px||||false|false&#8221; button_custom_padding=&#8221;12px|24px|12px|24px|true|true&#8221; max_width=&#8221;1000px&#8221; hover_enabled=&#8221;0&#8243; border_width_all=&#8221;2px&#8221; border_color_all=&#8221;rgba(0,0,0,0.12)&#8221; locked=&#8221;off&#8221; global_colors_info=&#8221;{}&#8221; sticky_enabled=&#8221;0&#8243;][et_pb_contact_field field_id=&#8221;Name&#8221; field_title=&#8221;Nom&#8221; fullwidth_field=&#8221;on&#8221; _builder_version=&#8221;4.23.4&#8243; _module_preset=&#8221;default&#8221; global_colors_info=&#8221;{}&#8221; button_text_size__hover_enabled=&#8221;off&#8221; button_one_text_size__hover_enabled=&#8221;off&#8221; button_two_text_size__hover_enabled=&#8221;off&#8221; button_text_color__hover_enabled=&#8221;off&#8221; button_one_text_color__hover_enabled=&#8221;off&#8221; button_two_text_color__hover_enabled=&#8221;off&#8221; button_border_width__hover_enabled=&#8221;off&#8221; button_one_border_width__hover_enabled=&#8221;off&#8221; button_two_border_width__hover_enabled=&#8221;off&#8221; button_border_color__hover_enabled=&#8221;off&#8221; button_one_border_color__hover_enabled=&#8221;off&#8221; button_two_border_color__hover_enabled=&#8221;off&#8221; button_border_radius__hover_enabled=&#8221;off&#8221; button_one_border_radius__hover_enabled=&#8221;off&#8221; button_two_border_radius__hover_enabled=&#8221;off&#8221; button_letter_spacing__hover_enabled=&#8221;off&#8221; button_one_letter_spacing__hover_enabled=&#8221;off&#8221; button_two_letter_spacing__hover_enabled=&#8221;off&#8221; button_bg_color__hover_enabled=&#8221;off&#8221; button_one_bg_color__hover_enabled=&#8221;off&#8221; button_two_bg_color__hover_enabled=&#8221;off&#8221;][\/et_pb_contact_field][et_pb_contact_field field_id=&#8221;Email&#8221; field_title=&#8221;Email&#8221; field_type=&#8221;email&#8221; fullwidth_field=&#8221;on&#8221; _builder_version=&#8221;4.23.4&#8243; _module_preset=&#8221;default&#8221; global_colors_info=&#8221;{}&#8221; button_text_size__hover_enabled=&#8221;off&#8221; button_one_text_size__hover_enabled=&#8221;off&#8221; button_two_text_size__hover_enabled=&#8221;off&#8221; button_text_color__hover_enabled=&#8221;off&#8221; button_one_text_color__hover_enabled=&#8221;off&#8221; button_two_text_color__hover_enabled=&#8221;off&#8221; button_border_width__hover_enabled=&#8221;off&#8221; button_one_border_width__hover_enabled=&#8221;off&#8221; button_two_border_width__hover_enabled=&#8221;off&#8221; button_border_color__hover_enabled=&#8221;off&#8221; button_one_border_color__hover_enabled=&#8221;off&#8221; button_two_border_color__hover_enabled=&#8221;off&#8221; button_border_radius__hover_enabled=&#8221;off&#8221; button_one_border_radius__hover_enabled=&#8221;off&#8221; button_two_border_radius__hover_enabled=&#8221;off&#8221; button_letter_spacing__hover_enabled=&#8221;off&#8221; button_one_letter_spacing__hover_enabled=&#8221;off&#8221; button_two_letter_spacing__hover_enabled=&#8221;off&#8221; button_bg_color__hover_enabled=&#8221;off&#8221; button_one_bg_color__hover_enabled=&#8221;off&#8221; button_two_bg_color__hover_enabled=&#8221;off&#8221;][\/et_pb_contact_field][et_pb_contact_field field_id=&#8221;Message&#8221; field_title=&#8221;Message&#8221; field_type=&#8221;text&#8221; fullwidth_field=&#8221;on&#8221; _builder_version=&#8221;4.24.2&#8243; _module_preset=&#8221;default&#8221; height=&#8221;350px&#8221; global_colors_info=&#8221;{}&#8221; button_text_size__hover_enabled=&#8221;off&#8221; button_one_text_size__hover_enabled=&#8221;off&#8221; button_two_text_size__hover_enabled=&#8221;off&#8221; button_text_color__hover_enabled=&#8221;off&#8221; button_one_text_color__hover_enabled=&#8221;off&#8221; button_two_text_color__hover_enabled=&#8221;off&#8221; button_border_width__hover_enabled=&#8221;off&#8221; button_one_border_width__hover_enabled=&#8221;off&#8221; button_two_border_width__hover_enabled=&#8221;off&#8221; button_border_color__hover_enabled=&#8221;off&#8221; button_one_border_color__hover_enabled=&#8221;off&#8221; button_two_border_color__hover_enabled=&#8221;off&#8221; button_border_radius__hover_enabled=&#8221;off&#8221; button_one_border_radius__hover_enabled=&#8221;off&#8221; button_two_border_radius__hover_enabled=&#8221;off&#8221; button_letter_spacing__hover_enabled=&#8221;off&#8221; button_one_letter_spacing__hover_enabled=&#8221;off&#8221; button_two_letter_spacing__hover_enabled=&#8221;off&#8221; button_bg_color__hover_enabled=&#8221;off&#8221; button_one_bg_color__hover_enabled=&#8221;off&#8221; button_two_bg_color__hover_enabled=&#8221;off&#8221;][\/et_pb_contact_field][\/et_pb_contact_form][\/et_pb_column][\/et_pb_row][et_pb_row _builder_version=&#8221;4.23.4&#8243; _module_preset=&#8221;default&#8221; global_colors_info=&#8221;{}&#8221;][et_pb_column type=&#8221;4_4&#8243; _builder_version=&#8221;4.23.4&#8243; _module_preset=&#8221;default&#8221; global_colors_info=&#8221;{}&#8221;][et_pb_code _builder_version=&#8221;4.23.4&#8243; _module_preset=&#8221;default&#8221; text_orientation=&#8221;center&#8221; global_colors_info=&#8221;{}&#8221;]<iframe src=\"https:\/\/www.google.com\/maps\/embed?pb=!1m18!1m12!1m3!1d2902.840990938667!2d6.663071576541232!3d43.3175879740721!2m3!1f0!2f0!3f0!3m2!1i1024!2i768!4f13.1!3m3!1m2!1s0x12cebf32914b9d89%3A0x3a8646e689848604!2sH%C3%B4tel%20La%20Plage!5e0!3m2!1sfr!2sfr!4v1712601754059!5m2!1sfr!2sfr\" width=\"600\" height=\"450\" style=\"border:0;\" allowfullscreen=\"\" loading=\"lazy\" referrerpolicy=\"no-referrer-when-downgrade\"><\/iframe>[\/et_pb_code][\/et_pb_column][\/et_pb_row][\/et_pb_section]<\/p>\n","protected":false},"excerpt":{"rendered":"<p>Nous contacterPar E-mailhotel-la-plage@orange.frPar t\u00e9l\u00e9phone+33 (0)4 94 96 14 01Sur place36 Avenue G\u00e9n\u00e9ral Touzet du Vigier<\/p>\n","protected":false},"author":1,"featured_media":0,"parent":0,"menu_order":0,"comment_status":"closed","ping_status":"closed","template":"","meta":{"_et_pb_use_builder":"on","_et_pb_old_content":"","_et_gb_content_width":"","footnotes":""},"class_list":["post-177","page","type-page","status-publish","hentry"],"yoast_head":"<!-- This site is optimized with the Yoast SEO plugin v22.6 - https:\/\/yoast.com\/wordpress\/plugins\/seo\/ -->\n<title>Contact<\/title>\n<meta name=\"description\" content=\"[et_pb_section fb_built=&quot;1&quot; admin_label=&quot;Header &amp; Contact Form&quot; _builder_version=&quot;4.24.2&quot; _module_preset=&quot;default&quot; collapsed=&quot;off&quot; global_colors_info=&quot;{}&quot;][et_pb_row _builder_version=&quot;4.24.2&quot; _module_preset=&quot;default&quot; width=&quot;90%&quot; max_width=&quot;none&quot; locked=&quot;off&quot; global_colors_info=&quot;{}&quot;][et_pb_column type=&quot;4_4&quot; _builder_version=&quot;4.24.2&quot; _module_preset=&quot;default&quot; global_colors_info=&quot;{}&quot;][et_pb_text _builder_version=&quot;4.24.3&quot; _module_preset=&quot;_initial&quot; header_font=&quot;Aclonica|500||on|||||&quot; header_font_size=&quot;77px&quot; header_letter_spacing=&quot;-0.06em&quot; hover_enabled=&quot;0&quot; header_font_size_tablet=&quot;40px&quot; header_font_size_phone=&quot;24px&quot; header_font_size_last_edited=&quot;on|desktop&quot; global_colors_info=&quot;{}&quot; content_en_us=&quot;Contact us&quot; sticky_enabled=&quot;0&quot;]Nous contacter[\/et_pb_text][\/et_pb_column][\/et_pb_row][et_pb_row column_structure=&quot;1_4,3_4&quot; _builder_version=&quot;4.24.2&quot; _module_preset=&quot;default&quot; width=&quot;90%&quot; max_width=&quot;none&quot; locked=&quot;off&quot; global_colors_info=&quot;{}&quot;][et_pb_column type=&quot;1_4&quot; _builder_version=&quot;4.24.2&quot; _module_preset=&quot;default&quot; global_colors_info=&quot;{}&quot;][et_pb_text _builder_version=&quot;4.24.3&quot; _module_preset=&quot;_initial&quot; header_4_font=&quot;Inter|600||on|||||&quot; header_4_text_color=&quot;gcid-026ff79c-cfbd-4464-8301-81adff325a85&quot; header_4_font_size=&quot;14px&quot; header_4_letter_spacing=&quot;1px&quot; header_4_line_height=&quot;1.8em&quot; custom_margin=&quot;||0px||false|false&quot; hover_enabled=&quot;0&quot; global_colors_info=&quot;{%22gcid-026ff79c-cfbd-4464-8301-81adff325a85%22:%91%22header_4_text_color%22%93}&quot;&hellip;\" \/>\n<meta name=\"robots\" content=\"index, follow, max-snippet:-1, max-image-preview:large, max-video-preview:-1\" \/>\n<link rel=\"canonical\" href=\"https:\/\/www.hotel-plage-ste-maxime.com\/contact\/\" \/>\n<meta property=\"og:locale\" content=\"en_US\" \/>\n<meta property=\"og:type\" content=\"article\" \/>\n<meta property=\"og:title\" content=\"Contact\" \/>\n<meta property=\"og:description\" content=\"[et_pb_section fb_built=&quot;1&quot; admin_label=&quot;Header &amp; Contact Form&quot; _builder_version=&quot;4.24.2&quot; _module_preset=&quot;default&quot; collapsed=&quot;off&quot; global_colors_info=&quot;{}&quot;][et_pb_row _builder_version=&quot;4.24.2&quot; _module_preset=&quot;default&quot; width=&quot;90%&quot; max_width=&quot;none&quot; locked=&quot;off&quot; global_colors_info=&quot;{}&quot;][et_pb_column type=&quot;4_4&quot; _builder_version=&quot;4.24.2&quot; _module_preset=&quot;default&quot; global_colors_info=&quot;{}&quot;][et_pb_text _builder_version=&quot;4.24.3&quot; _module_preset=&quot;_initial&quot; header_font=&quot;Aclonica|500||on|||||&quot; header_font_size=&quot;77px&quot; header_letter_spacing=&quot;-0.06em&quot; hover_enabled=&quot;0&quot; header_font_size_tablet=&quot;40px&quot; header_font_size_phone=&quot;24px&quot; header_font_size_last_edited=&quot;on|desktop&quot; global_colors_info=&quot;{}&quot; content_en_us=&quot;Contact us&quot; sticky_enabled=&quot;0&quot;]Nous contacter[\/et_pb_text][\/et_pb_column][\/et_pb_row][et_pb_row column_structure=&quot;1_4,3_4&quot; _builder_version=&quot;4.24.2&quot; _module_preset=&quot;default&quot; width=&quot;90%&quot; max_width=&quot;none&quot; locked=&quot;off&quot; global_colors_info=&quot;{}&quot;][et_pb_column type=&quot;1_4&quot; _builder_version=&quot;4.24.2&quot; _module_preset=&quot;default&quot; global_colors_info=&quot;{}&quot;][et_pb_text _builder_version=&quot;4.24.3&quot; _module_preset=&quot;_initial&quot; header_4_font=&quot;Inter|600||on|||||&quot; header_4_text_color=&quot;gcid-026ff79c-cfbd-4464-8301-81adff325a85&quot; header_4_font_size=&quot;14px&quot; header_4_letter_spacing=&quot;1px&quot; header_4_line_height=&quot;1.8em&quot; custom_margin=&quot;||0px||false|false&quot; hover_enabled=&quot;0&quot; global_colors_info=&quot;{%22gcid-026ff79c-cfbd-4464-8301-81adff325a85%22:%91%22header_4_text_color%22%93}&quot;&hellip;\" \/>\n<meta property=\"og:url\" content=\"https:\/\/www.hotel-plage-ste-maxime.com\/contact\/\" \/>\n<meta property=\"og:site_name\" content=\"H\u00f4tel La Plage\" \/>\n<meta property=\"article:modified_time\" content=\"2024-05-16T10:29:10+00:00\" \/>\n<meta name=\"twitter:card\" content=\"summary_large_image\" \/>\n<meta name=\"twitter:label1\" content=\"Est. reading time\" \/>\n\t<meta name=\"twitter:data1\" content=\"1 minute\" \/>\n<script type=\"application\/ld+json\" class=\"yoast-schema-graph\">{\"@context\":\"https:\/\/schema.org\",\"@graph\":[{\"@type\":\"WebPage\",\"@id\":\"https:\/\/www.hotel-plage-ste-maxime.com\/contact\/\",\"url\":\"https:\/\/www.hotel-plage-ste-maxime.com\/contact\/\",\"name\":\"Contact - H\u00f4tel La Plage\",\"isPartOf\":{\"@id\":\"https:\/\/www.hotel-plage-ste-maxime.com\/#website\"},\"datePublished\":\"2024-04-08T18:43:30+00:00\",\"dateModified\":\"2024-05-16T10:29:10+00:00\",\"breadcrumb\":{\"@id\":\"https:\/\/www.hotel-plage-ste-maxime.com\/contact\/#breadcrumb\"},\"inLanguage\":\"en-US\",\"potentialAction\":[{\"@type\":\"ReadAction\",\"target\":[\"https:\/\/www.hotel-plage-ste-maxime.com\/contact\/\"]}]},{\"@type\":\"BreadcrumbList\",\"@id\":\"https:\/\/www.hotel-plage-ste-maxime.com\/contact\/#breadcrumb\",\"itemListElement\":[{\"@type\":\"ListItem\",\"position\":1,\"name\":\"Accueil\",\"item\":\"https:\/\/www.hotel-plage-ste-maxime.com\/\"},{\"@type\":\"ListItem\",\"position\":2,\"name\":\"Contact\"}]},{\"@type\":\"WebSite\",\"@id\":\"https:\/\/www.hotel-plage-ste-maxime.com\/#website\",\"url\":\"https:\/\/www.hotel-plage-ste-maxime.com\/\",\"name\":\"H\u00f4tel La Plage\",\"description\":\"Site officiel de L&#039;H\u00f4tel La Plage \u00e0 Sainte-Maxime\",\"potentialAction\":[{\"@type\":\"SearchAction\",\"target\":{\"@type\":\"EntryPoint\",\"urlTemplate\":\"https:\/\/www.hotel-plage-ste-maxime.com\/?s={search_term_string}\"},\"query-input\":\"required name=search_term_string\"}],\"inLanguage\":\"en-US\"}]}<\/script>\n<!-- \/ Yoast SEO plugin. -->","yoast_head_json":{"title":"Contact","description":"[et_pb_section fb_built=\"1\" admin_label=\"Header & Contact Form\" _builder_version=\"4.24.2\" _module_preset=\"default\" collapsed=\"off\" global_colors_info=\"{}\"][et_pb_row _builder_version=\"4.24.2\" _module_preset=\"default\" width=\"90%\" max_width=\"none\" locked=\"off\" global_colors_info=\"{}\"][et_pb_column type=\"4_4\" _builder_version=\"4.24.2\" _module_preset=\"default\" global_colors_info=\"{}\"][et_pb_text _builder_version=\"4.24.3\" _module_preset=\"_initial\" header_font=\"Aclonica|500||on|||||\" header_font_size=\"77px\" header_letter_spacing=\"-0.06em\" hover_enabled=\"0\" header_font_size_tablet=\"40px\" header_font_size_phone=\"24px\" header_font_size_last_edited=\"on|desktop\" global_colors_info=\"{}\" content_en_us=\"Contact us\" sticky_enabled=\"0\"]Nous contacter[\/et_pb_text][\/et_pb_column][\/et_pb_row][et_pb_row column_structure=\"1_4,3_4\" _builder_version=\"4.24.2\" _module_preset=\"default\" width=\"90%\" max_width=\"none\" locked=\"off\" global_colors_info=\"{}\"][et_pb_column type=\"1_4\" _builder_version=\"4.24.2\" _module_preset=\"default\" global_colors_info=\"{}\"][et_pb_text _builder_version=\"4.24.3\" _module_preset=\"_initial\" header_4_font=\"Inter|600||on|||||\" header_4_text_color=\"gcid-026ff79c-cfbd-4464-8301-81adff325a85\" header_4_font_size=\"14px\" header_4_letter_spacing=\"1px\" header_4_line_height=\"1.8em\" custom_margin=\"||0px||false|false\" hover_enabled=\"0\" global_colors_info=\"{%22gcid-026ff79c-cfbd-4464-8301-81adff325a85%22:%91%22header_4_text_color%22%93}\"&hellip;","robots":{"index":"index","follow":"follow","max-snippet":"max-snippet:-1","max-image-preview":"max-image-preview:large","max-video-preview":"max-video-preview:-1"},"canonical":"https:\/\/www.hotel-plage-ste-maxime.com\/contact\/","og_locale":"en_US","og_type":"article","og_title":"Contact","og_description":"[et_pb_section fb_built=\"1\" admin_label=\"Header & Contact Form\" _builder_version=\"4.24.2\" _module_preset=\"default\" collapsed=\"off\" global_colors_info=\"{}\"][et_pb_row _builder_version=\"4.24.2\" _module_preset=\"default\" width=\"90%\" max_width=\"none\" locked=\"off\" global_colors_info=\"{}\"][et_pb_column type=\"4_4\" _builder_version=\"4.24.2\" _module_preset=\"default\" global_colors_info=\"{}\"][et_pb_text _builder_version=\"4.24.3\" _module_preset=\"_initial\" header_font=\"Aclonica|500||on|||||\" header_font_size=\"77px\" header_letter_spacing=\"-0.06em\" hover_enabled=\"0\" header_font_size_tablet=\"40px\" header_font_size_phone=\"24px\" header_font_size_last_edited=\"on|desktop\" global_colors_info=\"{}\" content_en_us=\"Contact us\" sticky_enabled=\"0\"]Nous contacter[\/et_pb_text][\/et_pb_column][\/et_pb_row][et_pb_row column_structure=\"1_4,3_4\" _builder_version=\"4.24.2\" _module_preset=\"default\" width=\"90%\" max_width=\"none\" locked=\"off\" global_colors_info=\"{}\"][et_pb_column type=\"1_4\" _builder_version=\"4.24.2\" _module_preset=\"default\" global_colors_info=\"{}\"][et_pb_text _builder_version=\"4.24.3\" _module_preset=\"_initial\" header_4_font=\"Inter|600||on|||||\" header_4_text_color=\"gcid-026ff79c-cfbd-4464-8301-81adff325a85\" header_4_font_size=\"14px\" header_4_letter_spacing=\"1px\" header_4_line_height=\"1.8em\" custom_margin=\"||0px||false|false\" hover_enabled=\"0\" global_colors_info=\"{%22gcid-026ff79c-cfbd-4464-8301-81adff325a85%22:%91%22header_4_text_color%22%93}\"&hellip;","og_url":"https:\/\/www.hotel-plage-ste-maxime.com\/contact\/","og_site_name":"H\u00f4tel La Plage","article_modified_time":"2024-05-16T10:29:10+00:00","twitter_card":"summary_large_image","twitter_misc":{"Est. reading time":"1 minute"},"schema":{"@context":"https:\/\/schema.org","@graph":[{"@type":"WebPage","@id":"https:\/\/www.hotel-plage-ste-maxime.com\/contact\/","url":"https:\/\/www.hotel-plage-ste-maxime.com\/contact\/","name":"Contact - H\u00f4tel La Plage","isPartOf":{"@id":"https:\/\/www.hotel-plage-ste-maxime.com\/#website"},"datePublished":"2024-04-08T18:43:30+00:00","dateModified":"2024-05-16T10:29:10+00:00","breadcrumb":{"@id":"https:\/\/www.hotel-plage-ste-maxime.com\/contact\/#breadcrumb"},"inLanguage":"en-US","potentialAction":[{"@type":"ReadAction","target":["https:\/\/www.hotel-plage-ste-maxime.com\/contact\/"]}]},{"@type":"BreadcrumbList","@id":"https:\/\/www.hotel-plage-ste-maxime.com\/contact\/#breadcrumb","itemListElement":[{"@type":"ListItem","position":1,"name":"Accueil","item":"https:\/\/www.hotel-plage-ste-maxime.com\/"},{"@type":"ListItem","position":2,"name":"Contact"}]},{"@type":"WebSite","@id":"https:\/\/www.hotel-plage-ste-maxime.com\/#website","url":"https:\/\/www.hotel-plage-ste-maxime.com\/","name":"H\u00f4tel La Plage","description":"Site officiel de L&#039;H\u00f4tel La Plage \u00e0 Sainte-Maxime","potentialAction":[{"@type":"SearchAction","target":{"@type":"EntryPoint","urlTemplate":"https:\/\/www.hotel-plage-ste-maxime.com\/?s={search_term_string}"},"query-input":"required name=search_term_string"}],"inLanguage":"en-US"}]}},"_links":{"self":[{"href":"https:\/\/www.hotel-plage-ste-maxime.com\/wp-json\/wp\/v2\/pages\/177","targetHints":{"allow":["GET"]}}],"collection":[{"href":"https:\/\/www.hotel-plage-ste-maxime.com\/wp-json\/wp\/v2\/pages"}],"about":[{"href":"https:\/\/www.hotel-plage-ste-maxime.com\/wp-json\/wp\/v2\/types\/page"}],"author":[{"embeddable":true,"href":"https:\/\/www.hotel-plage-ste-maxime.com\/wp-json\/wp\/v2\/users\/1"}],"replies":[{"embeddable":true,"href":"https:\/\/www.hotel-plage-ste-maxime.com\/wp-json\/wp\/v2\/comments?post=177"}],"version-history":[{"count":7,"href":"https:\/\/www.hotel-plage-ste-maxime.com\/wp-json\/wp\/v2\/pages\/177\/revisions"}],"predecessor-version":[{"id":524,"href":"https:\/\/www.hotel-plage-ste-maxime.com\/wp-json\/wp\/v2\/pages\/177\/revisions\/524"}],"wp:attachment":[{"href":"https:\/\/www.hotel-plage-ste-maxime.com\/wp-json\/wp\/v2\/media?parent=177"}],"curies":[{"name":"wp","href":"https:\/\/api.w.org\/{rel}","templated":true}]}}