{"id":254,"date":"2024-04-10T12:09:04","date_gmt":"2024-04-10T12:09:04","guid":{"rendered":"https:\/\/www.hotel-plage-ste-maxime.com\/?page_id=254"},"modified":"2024-04-10T12:09:04","modified_gmt":"2024-04-10T12:09:04","slug":"politique-de-confidentialite","status":"publish","type":"page","link":"https:\/\/www.hotel-plage-ste-maxime.com\/politique-de-confidentialite\/","title":{"rendered":"Politique de confidentialit\u00e9"},"content":{"rendered":"<p>[et_pb_section fb_built=&#8221;1&#8243; theme_builder_area=&#8221;post_content&#8221; _builder_version=&#8221;4.23.4&#8243; _module_preset=&#8221;default&#8221;][et_pb_row _builder_version=&#8221;4.23.4&#8243; _module_preset=&#8221;default&#8221; theme_builder_area=&#8221;post_content&#8221;][et_pb_column _builder_version=&#8221;4.23.4&#8243; _module_preset=&#8221;default&#8221; type=&#8221;4_4&#8243; theme_builder_area=&#8221;post_content&#8221;][et_pb_text _builder_version=&#8221;4.23.4&#8243; _module_preset=&#8221;default&#8221; theme_builder_area=&#8221;post_content&#8221; hover_enabled=&#8221;0&#8243; sticky_enabled=&#8221;0&#8243;]<\/p>\n<section class=\"elementor-section elementor-top-section elementor-element elementor-element-45219a21 elementor-section-full_width elementor-section-height-default elementor-section-height-default\" data-id=\"45219a21\" data-element_type=\"section\" data-settings=\"{&quot;background_background&quot;:&quot;classic&quot;}\">\n<div class=\"elementor-container elementor-column-gap-default\">\n<div class=\"elementor-column elementor-col-100 elementor-top-column elementor-element elementor-element-59366ae7\" data-id=\"59366ae7\" data-element_type=\"column\">\n<div class=\"elementor-widget-wrap elementor-element-populated\">\n<div class=\"elementor-element elementor-element-5218ce15 elementor-widget elementor-widget-heading\" data-id=\"5218ce15\" data-element_type=\"widget\" data-widget_type=\"heading.default\">\n<div class=\"elementor-widget-container\"><\/div>\n<\/div>\n<\/div>\n<\/div>\n<\/div>\n<\/section>\n<section class=\"elementor-section elementor-top-section elementor-element elementor-element-73823fec elementor-section-boxed elementor-section-height-default elementor-section-height-default\" data-id=\"73823fec\" data-element_type=\"section\">\n<div class=\"elementor-container elementor-column-gap-default\">\n<div class=\"elementor-column elementor-col-100 elementor-top-column elementor-element elementor-element-2f7dd1ee\" data-id=\"2f7dd1ee\" data-element_type=\"column\">\n<div class=\"elementor-widget-wrap elementor-element-populated\">\n<div class=\"elementor-element elementor-element-53044050 elementor-widget elementor-widget-text-editor\" data-id=\"53044050\" data-element_type=\"widget\" data-widget_type=\"text-editor.default\">\n<div class=\"elementor-widget-container\">\n<h1>Politique de confidentialit\u00e9<\/h1>\n<div>\u00a0<\/div>\n<div><strong>Introduction<\/strong><\/div>\n<div>Devant le d\u00e9veloppement des nouveaux outils de communication, il est n\u00e9cessaire de porter une attention particuli\u00e8re \u00e0 la protection de la vie priv\u00e9e. C\u2019est pourquoi, nous nous engageons \u00e0 respecter la confidentialit\u00e9 des renseignements personnels que nous collectons.<\/div>\n<div>\u00a0<\/div>\n<h2>Collecte des renseignements personnels<\/h2>\n<div>\u00a0<\/div>\n<div>\n<ul>\n<li>Pr\u00e9nom<\/li>\n<li>Adresse postale<\/li>\n<li>Code postal<\/li>\n<li>Adresse \u00e9lectronique<\/li>\n<li>Num\u00e9ro de t\u00e9l\u00e9phone \/ t\u00e9l\u00e9copieur<\/li>\n<\/ul>\n<\/div>\n<div>Les renseignements personnels que nous collectons sont recueillis au travers de formulaires et gr\u00e2ce \u00e0 l\u2019interactivit\u00e9 \u00e9tablie entre vous et notre site Web. Nous utilisons \u00e9galement, comme indiqu\u00e9 dans la section suivante, des fichiers t\u00e9moins et\/ou journaux pour r\u00e9unir des informations vous concernant.<\/div>\n<div>\u00a0<\/div>\n<h2>Formulaires\u00a0et interactivit\u00e9:<\/h2>\n<div>Vos renseignements personnels sont collect\u00e9s par le biais de formulaire, \u00e0 savoir :<\/div>\n<div>\u00a0<\/div>\n<div>\u00a0<\/div>\n<div>Nous utilisons les renseignements ainsi collect\u00e9s pour les finalit\u00e9s suivantes :<\/div>\n<div>\u00a0<\/div>\n<div>\n<ul>\n<li>Statistiques<\/li>\n<li>Contact<\/li>\n<\/ul>\n<\/div>\n<div>Vos renseignements sont \u00e9galement collect\u00e9s par le biais de l\u2019interactivit\u00e9 pouvant s\u2019\u00e9tablir entre vous et notre site Web et ce, de la fa\u00e7on suivante:<\/div>\n<div>\u00a0<\/div>\n<div>\n<ul>\n<li>Correspondance<\/li>\n<\/ul>\n<\/div>\n<div>Nous utilisons les renseignements ainsi collect\u00e9s pour les finalit\u00e9s suivantes :<\/div>\n<div>\u00a0<\/div>\n<div>\n<ul>\n<li>Informations ou pour des offres promotionnelles<\/li>\n<li>Statistiques<\/li>\n<li>Contact<\/li>\n<\/ul>\n<\/div>\n<div>\u00a0<\/div>\n<h2>Droit d\u2019opposition et de retrait<\/h2>\n<div>Nous nous engageons \u00e0 vous offrir un droit d\u2019opposition et de retrait quant \u00e0 vos renseignements personnels.<\/div>\n<div>Le droit d\u2019opposition s\u2019entend comme \u00e9tant la possiblit\u00e9 offerte aux internautes de refuser que leurs renseignements personnels soient utilis\u00e9es \u00e0 certaines fins mentionn\u00e9es lors de la collecte.<\/div>\n<div>\u00a0<\/div>\n<div>Le droit de retrait s\u2019entend comme \u00e9tant la possiblit\u00e9 offerte aux internautes de demander \u00e0 ce que leurs renseignements personnels ne figurent plus, par exemple, dans une liste de diffusion.<\/div>\n<div>\u00a0<\/div>\n<div><strong>Pour pouvoir exercer ces droits, vous pouvez :<\/strong><\/div>\n<div>\u00a0<\/div>\n<div>Code postal :\u00a0 H\u00f4tel La Plage 36 AV DU GAL TOUZET DU VIGIER 83120 SAINTE-MAXIME<\/div>\n<div>Courriel :\u00a0 contact@hotel-plage-ste-maxime.com<\/div>\n<div>\u00a0<\/div>\n<div>\u00a0<\/div>\n<div>\u00a0<\/div>\n<h2>Droit d\u2019acc\u00e8s<\/h2>\n<div>Nous nous engageons \u00e0 reconna\u00eetre un droit d\u2019acc\u00e8s et de rectification aux personnes concern\u00e9es d\u00e9sireuses de consulter, modifier, voire radier les informations les concernant.<\/div>\n<div>\u00a0<\/div>\n<div><strong>L\u2019exercice de ce droit se fera :<\/strong><\/div>\n<div>\u00a0<\/div>\n<div>\u00a0<\/div>\n<div>Courriel :\u00a0 contact@hotel-plage-ste-maxime.com<\/div>\n<div>\u00a0<\/div>\n<div>\u00a0<\/div>\n<div>\u00a0<\/div>\n<h2>S\u00e9curit\u00e9<\/h2>\n<div>Les renseignements personnels que nous collectons sont conserv\u00e9s dans un environnement s\u00e9curis\u00e9. Les personnes travaillant pour nous sont tenues de respecter la confidentialit\u00e9 de vos informations.<\/div>\n<div>\u00a0<\/div>\n<div>Pour assurer la s\u00e9curit\u00e9 de vos renseignements personnels, nous avons recours aux mesures suivantes :<\/div>\n<div>\u00a0<\/div>\n<div>\n<ul>\n<li>Protocole SSL<\/li>\n<li>Gestion des acc\u00e8s \u2013 personne autoris\u00e9e<\/li>\n<li>Sauvegarde informatique<\/li>\n<\/ul>\n<\/div>\n<div>Nous nous engageons \u00e0 maintenir un haut degr\u00e9 de confidentialit\u00e9 en int\u00e9grant les derni\u00e8res innovations technologiques permettant d\u2019assurer la confidentialit\u00e9 de vos transactions. Toutefois, comme aucun m\u00e9canisme n\u2019offre une s\u00e9curit\u00e9 maximale, une part de risque est toujours pr\u00e9sente lorsque l\u2019on utilise Internet pour transmettre des renseignements personnels.<\/div>\n<div>\u00a0<\/div>\n<h2>Changements<\/h2>\n<div>\n<p>Nous pouvons \u00eatre amen\u00e9s \u00e0 modifier la pr\u00e9sente politique de confidentialit\u00e9 de temps \u00e0 autre afin d\u2019y refl\u00e9ter, par exemple, les changements apport\u00e9s \u00e0 nos pratiques ou pour d\u2019autres motifs op\u00e9rationnels, juridiques ou r\u00e9glementaires.<\/p>\n<p>NOUS CONTACTER<br \/>Pour en savoir plus sur nos pratiques de confidentialit\u00e9, si vous avez des questions ou si vous souhaitez d\u00e9poser une r\u00e9clamation, veuillez nous contacter<br \/>\u2013 par e-mail \u00e0 contact@hotel-plage-ste-maxime.com,<br \/>\u2013 ou par courrier \u00e0 l\u2019adresse suivante :<\/p>\n<p>36 AV DU GAL TOUZET DU VIGIER, SAINTE-MAXIME, PAC, 83120, France<\/p>\n<\/div>\n<\/div>\n<\/div>\n<\/div>\n<\/div>\n<\/div>\n<\/section>\n<p>[\/et_pb_text][\/et_pb_column][\/et_pb_row][\/et_pb_section]<\/p>\n","protected":false},"excerpt":{"rendered":"<p>Politique de confidentialit\u00e9 \u00a0 Introduction Devant le d\u00e9veloppement des nouveaux outils de communication, il est n\u00e9cessaire de porter une attention particuli\u00e8re \u00e0 la protection de la vie priv\u00e9e. C\u2019est pourquoi, nous nous engageons \u00e0 respecter la confidentialit\u00e9 des renseignements personnels que nous collectons. \u00a0 Collecte des renseignements personnels \u00a0 Pr\u00e9nom Adresse postale Code postal Adresse [&hellip;]<\/p>\n","protected":false},"author":1,"featured_media":0,"parent":0,"menu_order":0,"comment_status":"closed","ping_status":"closed","template":"","meta":{"_et_pb_use_builder":"on","_et_pb_old_content":"","_et_gb_content_width":"","footnotes":""},"class_list":["post-254","page","type-page","status-publish","hentry"],"yoast_head":"<!-- This site is optimized with the Yoast SEO plugin v22.6 - https:\/\/yoast.com\/wordpress\/plugins\/seo\/ -->\n<title>Politique de confidentialit\u00e9<\/title>\n<meta name=\"description\" content=\"[et_pb_section fb_built=&quot;1&quot; theme_builder_area=&quot;post_content&quot; _builder_version=&quot;4.23.4&quot; _module_preset=&quot;default&quot;][et_pb_row _builder_version=&quot;4.23.4&quot; _module_preset=&quot;default&quot; theme_builder_area=&quot;post_content&quot;][et_pb_column _builder_version=&quot;4.23.4&quot; _module_preset=&quot;default&quot; type=&quot;4_4&quot; theme_builder_area=&quot;post_content&quot;][et_pb_text _builder_version=&quot;4.23.4&quot; _module_preset=&quot;default&quot; theme_builder_area=&quot;post_content&quot; hover_enabled=&quot;0&quot; sticky_enabled=&quot;0&quot;] Politique de confidentialit\u00e9 \u00a0 Introduction Devant le d\u00e9veloppement des nouveaux outils de communication, il est n\u00e9cessaire de porter une attention particuli\u00e8re \u00e0 la protection de la vie priv\u00e9e. C\u2019est pourquoi, nous nous engageons \u00e0 respecter la confidentialit\u00e9 des&hellip;\" \/>\n<meta name=\"robots\" content=\"index, follow, max-snippet:-1, max-image-preview:large, max-video-preview:-1\" \/>\n<link rel=\"canonical\" href=\"https:\/\/www.hotel-plage-ste-maxime.com\/politique-de-confidentialite\/\" \/>\n<meta property=\"og:locale\" content=\"en_US\" \/>\n<meta property=\"og:type\" content=\"article\" \/>\n<meta property=\"og:title\" content=\"Politique de confidentialit\u00e9\" \/>\n<meta property=\"og:description\" content=\"[et_pb_section fb_built=&quot;1&quot; theme_builder_area=&quot;post_content&quot; _builder_version=&quot;4.23.4&quot; _module_preset=&quot;default&quot;][et_pb_row _builder_version=&quot;4.23.4&quot; _module_preset=&quot;default&quot; theme_builder_area=&quot;post_content&quot;][et_pb_column _builder_version=&quot;4.23.4&quot; _module_preset=&quot;default&quot; type=&quot;4_4&quot; theme_builder_area=&quot;post_content&quot;][et_pb_text _builder_version=&quot;4.23.4&quot; _module_preset=&quot;default&quot; theme_builder_area=&quot;post_content&quot; hover_enabled=&quot;0&quot; sticky_enabled=&quot;0&quot;] Politique de confidentialit\u00e9 \u00a0 Introduction Devant le d\u00e9veloppement des nouveaux outils de communication, il est n\u00e9cessaire de porter une attention particuli\u00e8re \u00e0 la protection de la vie priv\u00e9e. C\u2019est pourquoi, nous nous engageons \u00e0 respecter la confidentialit\u00e9 des&hellip;\" \/>\n<meta property=\"og:url\" content=\"https:\/\/www.hotel-plage-ste-maxime.com\/politique-de-confidentialite\/\" \/>\n<meta property=\"og:site_name\" content=\"H\u00f4tel La Plage\" \/>\n<meta name=\"twitter:card\" content=\"summary_large_image\" \/>\n<script type=\"application\/ld+json\" class=\"yoast-schema-graph\">{\"@context\":\"https:\/\/schema.org\",\"@graph\":[{\"@type\":\"WebPage\",\"@id\":\"https:\/\/www.hotel-plage-ste-maxime.com\/politique-de-confidentialite\/\",\"url\":\"https:\/\/www.hotel-plage-ste-maxime.com\/politique-de-confidentialite\/\",\"name\":\"Politique de confidentialit\u00e9 - H\u00f4tel La Plage\",\"isPartOf\":{\"@id\":\"https:\/\/www.hotel-plage-ste-maxime.com\/#website\"},\"datePublished\":\"2024-04-10T12:09:04+00:00\",\"dateModified\":\"2024-04-10T12:09:04+00:00\",\"breadcrumb\":{\"@id\":\"https:\/\/www.hotel-plage-ste-maxime.com\/politique-de-confidentialite\/#breadcrumb\"},\"inLanguage\":\"en-US\",\"potentialAction\":[{\"@type\":\"ReadAction\",\"target\":[\"https:\/\/www.hotel-plage-ste-maxime.com\/politique-de-confidentialite\/\"]}]},{\"@type\":\"BreadcrumbList\",\"@id\":\"https:\/\/www.hotel-plage-ste-maxime.com\/politique-de-confidentialite\/#breadcrumb\",\"itemListElement\":[{\"@type\":\"ListItem\",\"position\":1,\"name\":\"Accueil\",\"item\":\"https:\/\/www.hotel-plage-ste-maxime.com\/\"},{\"@type\":\"ListItem\",\"position\":2,\"name\":\"Politique de confidentialit\u00e9\"}]},{\"@type\":\"WebSite\",\"@id\":\"https:\/\/www.hotel-plage-ste-maxime.com\/#website\",\"url\":\"https:\/\/www.hotel-plage-ste-maxime.com\/\",\"name\":\"H\u00f4tel La Plage\",\"description\":\"Site officiel de L&#039;H\u00f4tel La Plage \u00e0 Sainte-Maxime\",\"potentialAction\":[{\"@type\":\"SearchAction\",\"target\":{\"@type\":\"EntryPoint\",\"urlTemplate\":\"https:\/\/www.hotel-plage-ste-maxime.com\/?s={search_term_string}\"},\"query-input\":\"required name=search_term_string\"}],\"inLanguage\":\"en-US\"}]}<\/script>\n<!-- \/ Yoast SEO plugin. -->","yoast_head_json":{"title":"Politique de confidentialit\u00e9","description":"[et_pb_section fb_built=\"1\" theme_builder_area=\"post_content\" _builder_version=\"4.23.4\" _module_preset=\"default\"][et_pb_row _builder_version=\"4.23.4\" _module_preset=\"default\" theme_builder_area=\"post_content\"][et_pb_column _builder_version=\"4.23.4\" _module_preset=\"default\" type=\"4_4\" theme_builder_area=\"post_content\"][et_pb_text _builder_version=\"4.23.4\" _module_preset=\"default\" theme_builder_area=\"post_content\" hover_enabled=\"0\" sticky_enabled=\"0\"] Politique de confidentialit\u00e9 \u00a0 Introduction Devant le d\u00e9veloppement des nouveaux outils de communication, il est n\u00e9cessaire de porter une attention particuli\u00e8re \u00e0 la protection de la vie priv\u00e9e. C\u2019est pourquoi, nous nous engageons \u00e0 respecter la confidentialit\u00e9 des&hellip;","robots":{"index":"index","follow":"follow","max-snippet":"max-snippet:-1","max-image-preview":"max-image-preview:large","max-video-preview":"max-video-preview:-1"},"canonical":"https:\/\/www.hotel-plage-ste-maxime.com\/politique-de-confidentialite\/","og_locale":"en_US","og_type":"article","og_title":"Politique de confidentialit\u00e9","og_description":"[et_pb_section fb_built=\"1\" theme_builder_area=\"post_content\" _builder_version=\"4.23.4\" _module_preset=\"default\"][et_pb_row _builder_version=\"4.23.4\" _module_preset=\"default\" theme_builder_area=\"post_content\"][et_pb_column _builder_version=\"4.23.4\" _module_preset=\"default\" type=\"4_4\" theme_builder_area=\"post_content\"][et_pb_text _builder_version=\"4.23.4\" _module_preset=\"default\" theme_builder_area=\"post_content\" hover_enabled=\"0\" sticky_enabled=\"0\"] Politique de confidentialit\u00e9 \u00a0 Introduction Devant le d\u00e9veloppement des nouveaux outils de communication, il est n\u00e9cessaire de porter une attention particuli\u00e8re \u00e0 la protection de la vie priv\u00e9e. C\u2019est pourquoi, nous nous engageons \u00e0 respecter la confidentialit\u00e9 des&hellip;","og_url":"https:\/\/www.hotel-plage-ste-maxime.com\/politique-de-confidentialite\/","og_site_name":"H\u00f4tel La Plage","twitter_card":"summary_large_image","schema":{"@context":"https:\/\/schema.org","@graph":[{"@type":"WebPage","@id":"https:\/\/www.hotel-plage-ste-maxime.com\/politique-de-confidentialite\/","url":"https:\/\/www.hotel-plage-ste-maxime.com\/politique-de-confidentialite\/","name":"Politique de confidentialit\u00e9 - H\u00f4tel La Plage","isPartOf":{"@id":"https:\/\/www.hotel-plage-ste-maxime.com\/#website"},"datePublished":"2024-04-10T12:09:04+00:00","dateModified":"2024-04-10T12:09:04+00:00","breadcrumb":{"@id":"https:\/\/www.hotel-plage-ste-maxime.com\/politique-de-confidentialite\/#breadcrumb"},"inLanguage":"en-US","potentialAction":[{"@type":"ReadAction","target":["https:\/\/www.hotel-plage-ste-maxime.com\/politique-de-confidentialite\/"]}]},{"@type":"BreadcrumbList","@id":"https:\/\/www.hotel-plage-ste-maxime.com\/politique-de-confidentialite\/#breadcrumb","itemListElement":[{"@type":"ListItem","position":1,"name":"Accueil","item":"https:\/\/www.hotel-plage-ste-maxime.com\/"},{"@type":"ListItem","position":2,"name":"Politique de confidentialit\u00e9"}]},{"@type":"WebSite","@id":"https:\/\/www.hotel-plage-ste-maxime.com\/#website","url":"https:\/\/www.hotel-plage-ste-maxime.com\/","name":"H\u00f4tel La Plage","description":"Site officiel de L&#039;H\u00f4tel La Plage \u00e0 Sainte-Maxime","potentialAction":[{"@type":"SearchAction","target":{"@type":"EntryPoint","urlTemplate":"https:\/\/www.hotel-plage-ste-maxime.com\/?s={search_term_string}"},"query-input":"required name=search_term_string"}],"inLanguage":"en-US"}]}},"_links":{"self":[{"href":"https:\/\/www.hotel-plage-ste-maxime.com\/wp-json\/wp\/v2\/pages\/254","targetHints":{"allow":["GET"]}}],"collection":[{"href":"https:\/\/www.hotel-plage-ste-maxime.com\/wp-json\/wp\/v2\/pages"}],"about":[{"href":"https:\/\/www.hotel-plage-ste-maxime.com\/wp-json\/wp\/v2\/types\/page"}],"author":[{"embeddable":true,"href":"https:\/\/www.hotel-plage-ste-maxime.com\/wp-json\/wp\/v2\/users\/1"}],"replies":[{"embeddable":true,"href":"https:\/\/www.hotel-plage-ste-maxime.com\/wp-json\/wp\/v2\/comments?post=254"}],"version-history":[{"count":2,"href":"https:\/\/www.hotel-plage-ste-maxime.com\/wp-json\/wp\/v2\/pages\/254\/revisions"}],"predecessor-version":[{"id":256,"href":"https:\/\/www.hotel-plage-ste-maxime.com\/wp-json\/wp\/v2\/pages\/254\/revisions\/256"}],"wp:attachment":[{"href":"https:\/\/www.hotel-plage-ste-maxime.com\/wp-json\/wp\/v2\/media?parent=254"}],"curies":[{"name":"wp","href":"https:\/\/api.w.org\/{rel}","templated":true}]}}