{"id":543,"date":"2024-05-16T11:24:40","date_gmt":"2024-05-16T11:24:40","guid":{"rendered":"https:\/\/www.hotel-plage-ste-maxime.com\/?page_id=543"},"modified":"2025-03-10T22:35:23","modified_gmt":"2025-03-10T22:35:23","slug":"galerie","status":"publish","type":"page","link":"https:\/\/www.hotel-plage-ste-maxime.com\/galerie\/","title":{"rendered":"Galerie"},"content":{"rendered":"<p>[et_pb_section fb_built=&#8221;1&#8243; admin_label=&#8221;Header&#8221; _builder_version=&#8221;4.24.3&#8243; _module_preset=&#8221;default&#8221; background_color=&#8221;gcid-c58d0f49-4478-4f0e-adea-65f847e9aac0&#8243; custom_padding=&#8221;||0px||false|false&#8221; collapsed=&#8221;on&#8221; global_colors_info=&#8221;{%22gcid-c58d0f49-4478-4f0e-adea-65f847e9aac0%22:%91%22background_color%22%93}&#8221;][et_pb_row _builder_version=&#8221;4.19.1&#8243; _module_preset=&#8221;default&#8221; global_colors_info=&#8221;{}&#8221;][et_pb_column type=&#8221;4_4&#8243; _builder_version=&#8221;4.19.1&#8243; _module_preset=&#8221;default&#8221; global_colors_info=&#8221;{}&#8221;][et_pb_text _builder_version=&#8221;4.24.3&#8243; _module_preset=&#8221;_initial&#8221; header_font=&#8221;Aclonica|700||on|||||&#8221; header_text_color=&#8221;#000000&#8243; header_font_size=&#8221;80px&#8221; header_line_height=&#8221;1.2em&#8221; text_orientation=&#8221;center&#8221; hover_enabled=&#8221;0&#8243; header_font_size_tablet=&#8221;40px&#8221; header_font_size_phone=&#8221;24px&#8221; header_font_size_last_edited=&#8221;on|desktop&#8221; global_colors_info=&#8221;{}&#8221; sticky_enabled=&#8221;0&#8243;]<\/p>\n<h1>Gallery<\/h1>\n<p>[\/et_pb_text][\/et_pb_column][\/et_pb_row][\/et_pb_section][et_pb_section fb_built=&#8221;1&#8243; admin_label=&#8221;Gallery&#8221; _builder_version=&#8221;4.19.1&#8243; _module_preset=&#8221;default&#8221; background_color=&#8221;gcid-c58d0f49-4478-4f0e-adea-65f847e9aac0&#8243; collapsed=&#8221;on&#8221; global_colors_info=&#8221;{%22gcid-c58d0f49-4478-4f0e-adea-65f847e9aac0%22:%91%22background_color%22%93}&#8221;][et_pb_row column_structure=&#8221;1_2,1_2&#8243; use_custom_gutter=&#8221;on&#8221; gutter_width=&#8221;2&#8243; make_equal=&#8221;on&#8221; custom_padding_last_edited=&#8221;on|tablet&#8221; _builder_version=&#8221;4.24.3&#8243; _module_preset=&#8221;default&#8221; width=&#8221;90%&#8221; max_width=&#8221;none&#8221; custom_padding_tablet=&#8221;||0px||false|false&#8221; custom_padding_phone=&#8221;||0px||false|false&#8221; global_colors_info=&#8221;{}&#8221;][et_pb_column type=&#8221;1_2&#8243; _builder_version=&#8221;4.19.1&#8243; _module_preset=&#8221;default&#8221; global_colors_info=&#8221;{}&#8221;][et_pb_image src=&#8221;https:\/\/www.hotel-plage-ste-maxime.com\/wp-content\/uploads\/2025\/03\/Hotel-La-Plage_Ste-Maxime_20250218-29-scaled.jpg&#8221; title_text=&#8221;H\u00f4tel La Plage_Ste Maxime_20250218-29&#8243; align=&#8221;center&#8221; _builder_version=&#8221;4.24.3&#8243; _module_preset=&#8221;default&#8221; custom_margin=&#8221;||60px||false|false&#8221; custom_margin_tablet=&#8221;||30px||false|false&#8221; custom_margin_phone=&#8221;||30px||false|false&#8221; custom_margin_last_edited=&#8221;on|tablet&#8221; hover_enabled=&#8221;0&#8243; global_colors_info=&#8221;{}&#8221; sticky_enabled=&#8221;0&#8243;][\/et_pb_image][et_pb_image src=&#8221;https:\/\/www.hotel-plage-ste-maxime.com\/wp-content\/uploads\/2024\/05\/H\u251c\u2524tel-La-Plage-Ste-Maxime-20240416-37-scaled.webp&#8221; title_text=&#8221;H\u251c\u2524tel La Plage Ste Maxime 20240416-37&#8243; align=&#8221;center&#8221; _builder_version=&#8221;4.24.3&#8243; _module_preset=&#8221;default&#8221; global_colors_info=&#8221;{}&#8221;][\/et_pb_image][\/et_pb_column][et_pb_column type=&#8221;1_2&#8243; _builder_version=&#8221;4.19.1&#8243; _module_preset=&#8221;default&#8221; global_colors_info=&#8221;{}&#8221;][et_pb_image src=&#8221;https:\/\/www.hotel-plage-ste-maxime.com\/wp-content\/uploads\/2025\/03\/Hotel-La-Plage_Ste-Maxime_20250218-28-scaled.jpg&#8221; title_text=&#8221;H\u00f4tel La Plage_Ste Maxime_20250218-28&#8243; align=&#8221;center&#8221; _builder_version=&#8221;4.24.3&#8243; _module_preset=&#8221;default&#8221; custom_margin=&#8221;||60px||false|false&#8221; custom_margin_tablet=&#8221;||30px||false|false&#8221; custom_margin_phone=&#8221;||30px||false|false&#8221; custom_margin_last_edited=&#8221;on|tablet&#8221; hover_enabled=&#8221;0&#8243; locked=&#8221;off&#8221; global_colors_info=&#8221;{}&#8221; sticky_enabled=&#8221;0&#8243;][\/et_pb_image][et_pb_image src=&#8221;https:\/\/www.hotel-plage-ste-maxime.com\/wp-content\/uploads\/2025\/03\/Hotel-La-Plage_Ste-Maxime_20250218-10-scaled.jpg&#8221; title_text=&#8221;H\u00f4tel La Plage_Ste Maxime_20250218-10&#8243; align=&#8221;center&#8221; _builder_version=&#8221;4.24.3&#8243; _module_preset=&#8221;default&#8221; hover_enabled=&#8221;0&#8243; locked=&#8221;off&#8221; global_colors_info=&#8221;{}&#8221; sticky_enabled=&#8221;0&#8243;][\/et_pb_image][\/et_pb_column][\/et_pb_row][et_pb_row column_structure=&#8221;1_2,1_2&#8243; use_custom_gutter=&#8221;on&#8221; gutter_width=&#8221;2&#8243; make_equal=&#8221;on&#8221; custom_padding_last_edited=&#8221;on|tablet&#8221; _builder_version=&#8221;4.24.3&#8243; _module_preset=&#8221;default&#8221; width=&#8221;90%&#8221; max_width=&#8221;none&#8221; custom_padding_tablet=&#8221;||0px||false|false&#8221; custom_padding_phone=&#8221;||0px||false|false&#8221; global_colors_info=&#8221;{}&#8221;][et_pb_column type=&#8221;1_2&#8243; _builder_version=&#8221;4.19.1&#8243; _module_preset=&#8221;default&#8221; global_colors_info=&#8221;{}&#8221;][et_pb_image src=&#8221;https:\/\/www.hotel-plage-ste-maxime.com\/wp-content\/uploads\/2024\/05\/H\u251c\u2524tel-La-Plage-Ste-Maxime-20240416-39-scaled.webp&#8221; title_text=&#8221;H\u251c\u2524tel La Plage Ste Maxime 20240416-39&#8243; align=&#8221;center&#8221; _builder_version=&#8221;4.24.3&#8243; _module_preset=&#8221;default&#8221; custom_margin=&#8221;||60px||false|false&#8221; custom_margin_tablet=&#8221;||30px||false|false&#8221; custom_margin_phone=&#8221;||30px||false|false&#8221; custom_margin_last_edited=&#8221;on|tablet&#8221; global_colors_info=&#8221;{}&#8221;][\/et_pb_image][et_pb_image src=&#8221;https:\/\/www.hotel-plage-ste-maxime.com\/wp-content\/uploads\/2024\/05\/Hotel-La-Plage-Ste-Maxime-20240416-12-scaled.jpg&#8221; title_text=&#8221;H\u00f4tel La Plage Ste Maxime 20240416-12&#8243; align=&#8221;center&#8221; _builder_version=&#8221;4.24.3&#8243; _module_preset=&#8221;default&#8221; global_colors_info=&#8221;{}&#8221;][\/et_pb_image][et_pb_image src=&#8221;https:\/\/www.hotel-plage-ste-maxime.com\/wp-content\/uploads\/2024\/05\/Hotel-La-Plage-Ste-Maxime-20240416-8-scaled.jpg&#8221; title_text=&#8221;H\u00f4tel La Plage Ste Maxime 20240416-8&#8243; align=&#8221;center&#8221; _builder_version=&#8221;4.24.3&#8243; _module_preset=&#8221;default&#8221; global_colors_info=&#8221;{}&#8221;][\/et_pb_image][et_pb_image src=&#8221;https:\/\/www.hotel-plage-ste-maxime.com\/wp-content\/uploads\/2024\/05\/Hotel-La-Plage-Ste-Maxime-20240416-5-scaled.jpg&#8221; title_text=&#8221;H\u00f4tel La Plage Ste Maxime 20240416-5&#8243; align=&#8221;center&#8221; _builder_version=&#8221;4.24.3&#8243; _module_preset=&#8221;default&#8221; global_colors_info=&#8221;{}&#8221;][\/et_pb_image][et_pb_image src=&#8221;https:\/\/www.hotel-plage-ste-maxime.com\/wp-content\/uploads\/2024\/05\/Hotel-La-Plage-Ste-Maxime-20240416-2-scaled.jpg&#8221; title_text=&#8221;H\u00f4tel La Plage Ste Maxime 20240416-2&#8243; align=&#8221;center&#8221; _builder_version=&#8221;4.24.3&#8243; _module_preset=&#8221;default&#8221; global_colors_info=&#8221;{}&#8221;][\/et_pb_image][et_pb_image src=&#8221;https:\/\/www.hotel-plage-ste-maxime.com\/wp-content\/uploads\/2024\/05\/Hotel-La-Plage-Ste-Maxime-20240416-13-scaled.jpg&#8221; title_text=&#8221;H\u00f4tel La Plage Ste Maxime 20240416-13&#8243; align=&#8221;center&#8221; _builder_version=&#8221;4.24.3&#8243; _module_preset=&#8221;default&#8221; global_colors_info=&#8221;{}&#8221;][\/et_pb_image][et_pb_image src=&#8221;https:\/\/www.hotel-plage-ste-maxime.com\/wp-content\/uploads\/2024\/05\/H\u251c\u2524tel-La-Plage-Ste-Maxime-20240416-51-scaled.webp&#8221; title_text=&#8221;H\u251c\u2524tel La Plage Ste Maxime 20240416-51&#8243; align=&#8221;center&#8221; _builder_version=&#8221;4.24.3&#8243; _module_preset=&#8221;default&#8221; global_colors_info=&#8221;{}&#8221;][\/et_pb_image][et_pb_image src=&#8221;https:\/\/www.hotel-plage-ste-maxime.com\/wp-content\/uploads\/2024\/05\/H\u251c\u2524tel-La-Plage-Ste-Maxime-20240416-49-scaled.webp&#8221; title_text=&#8221;H\u251c\u2524tel La Plage Ste Maxime 20240416-49&#8243; align=&#8221;center&#8221; _builder_version=&#8221;4.24.3&#8243; _module_preset=&#8221;default&#8221; global_colors_info=&#8221;{}&#8221;][\/et_pb_image][\/et_pb_column][et_pb_column type=&#8221;1_2&#8243; _builder_version=&#8221;4.19.1&#8243; _module_preset=&#8221;default&#8221; global_colors_info=&#8221;{}&#8221;][et_pb_image src=&#8221;https:\/\/www.hotel-plage-ste-maxime.com\/wp-content\/uploads\/2024\/05\/Background-H\u251c\u2524tel-La-Plage-Sainte-Maxime-scaled.webp&#8221; title_text=&#8221;Background H\u251c\u2524tel La Plage Sainte-Maxime&#8221; align=&#8221;center&#8221; _builder_version=&#8221;4.24.3&#8243; _module_preset=&#8221;default&#8221; custom_margin=&#8221;||60px||false|false&#8221; custom_margin_tablet=&#8221;||30px||false|false&#8221; custom_margin_phone=&#8221;||30px||false|false&#8221; custom_margin_last_edited=&#8221;on|tablet&#8221; locked=&#8221;off&#8221; global_colors_info=&#8221;{}&#8221;][\/et_pb_image][et_pb_image src=&#8221;https:\/\/www.hotel-plage-ste-maxime.com\/wp-content\/uploads\/2024\/05\/Hotel-La-Plage-Ste-Maxime-20240416-11-scaled.jpg&#8221; title_text=&#8221;H\u00f4tel La Plage Ste Maxime 20240416-11&#8243; align=&#8221;center&#8221; _builder_version=&#8221;4.24.3&#8243; _module_preset=&#8221;default&#8221; locked=&#8221;off&#8221; global_colors_info=&#8221;{}&#8221;][\/et_pb_image][et_pb_image src=&#8221;https:\/\/www.hotel-plage-ste-maxime.com\/wp-content\/uploads\/2024\/05\/Hotel-La-Plage-Ste-Maxime-20240416-7-scaled.jpg&#8221; title_text=&#8221;H\u00f4tel La Plage Ste Maxime 20240416-7&#8243; align=&#8221;center&#8221; _builder_version=&#8221;4.24.3&#8243; _module_preset=&#8221;default&#8221; locked=&#8221;off&#8221; global_colors_info=&#8221;{}&#8221;][\/et_pb_image][et_pb_image src=&#8221;https:\/\/www.hotel-plage-ste-maxime.com\/wp-content\/uploads\/2024\/05\/Hotel-La-Plage-Ste-Maxime-20240416-3-scaled.jpg&#8221; title_text=&#8221;H\u00f4tel La Plage Ste Maxime 20240416-3&#8243; align=&#8221;center&#8221; _builder_version=&#8221;4.24.3&#8243; _module_preset=&#8221;default&#8221; locked=&#8221;off&#8221; global_colors_info=&#8221;{}&#8221;][\/et_pb_image][et_pb_image src=&#8221;https:\/\/www.hotel-plage-ste-maxime.com\/wp-content\/uploads\/2024\/05\/Hotel-La-Plage-Ste-Maxime-20240416-1-scaled.jpg&#8221; title_text=&#8221;H\u00f4tel La Plage Ste Maxime 20240416-1&#8243; align=&#8221;center&#8221; _builder_version=&#8221;4.24.3&#8243; _module_preset=&#8221;default&#8221; locked=&#8221;off&#8221; global_colors_info=&#8221;{}&#8221;][\/et_pb_image][et_pb_image src=&#8221;https:\/\/www.hotel-plage-ste-maxime.com\/wp-content\/uploads\/2024\/05\/H\u251c\u2524tel-La-Plage-Ste-Maxime-20240416-52-scaled.webp&#8221; title_text=&#8221;H\u251c\u2524tel La Plage Ste Maxime 20240416-52&#8243; align=&#8221;center&#8221; _builder_version=&#8221;4.24.3&#8243; _module_preset=&#8221;default&#8221; locked=&#8221;off&#8221; global_colors_info=&#8221;{}&#8221;][\/et_pb_image][et_pb_image src=&#8221;https:\/\/www.hotel-plage-ste-maxime.com\/wp-content\/uploads\/2024\/05\/H\u251c\u2524tel-La-Plage-Ste-Maxime-20240416-50-scaled.webp&#8221; title_text=&#8221;H\u251c\u2524tel La Plage Ste Maxime 20240416-50&#8243; align=&#8221;center&#8221; _builder_version=&#8221;4.24.3&#8243; _module_preset=&#8221;default&#8221; locked=&#8221;off&#8221; global_colors_info=&#8221;{}&#8221;][\/et_pb_image][et_pb_image src=&#8221;https:\/\/www.hotel-plage-ste-maxime.com\/wp-content\/uploads\/2024\/05\/H\u251c\u2524tel-La-Plage-Ste-Maxime-20240416-48-scaled.webp&#8221; title_text=&#8221;H\u251c\u2524tel La Plage Ste Maxime 20240416-48&#8243; align=&#8221;center&#8221; _builder_version=&#8221;4.24.3&#8243; _module_preset=&#8221;default&#8221; locked=&#8221;off&#8221; global_colors_info=&#8221;{}&#8221;][\/et_pb_image][\/et_pb_column][\/et_pb_row][\/et_pb_section]<\/p>\n","protected":false},"excerpt":{"rendered":"<p>Gallery<\/p>\n","protected":false},"author":1,"featured_media":0,"parent":0,"menu_order":0,"comment_status":"closed","ping_status":"closed","template":"","meta":{"_et_pb_use_builder":"on","_et_pb_old_content":"","_et_gb_content_width":"","footnotes":""},"class_list":["post-543","page","type-page","status-publish","hentry"],"yoast_head":"<!-- This site is optimized with the Yoast SEO plugin v22.6 - https:\/\/yoast.com\/wordpress\/plugins\/seo\/ -->\n<title>Galerie<\/title>\n<meta name=\"description\" content=\"[et_pb_section fb_built=&quot;1&quot; admin_label=&quot;Header&quot; _builder_version=&quot;4.24.3&quot; _module_preset=&quot;default&quot; background_color=&quot;gcid-c58d0f49-4478-4f0e-adea-65f847e9aac0&quot; custom_padding=&quot;||0px||false|false&quot; collapsed=&quot;on&quot; global_colors_info=&quot;{%22gcid-c58d0f49-4478-4f0e-adea-65f847e9aac0%22:%91%22background_color%22%93}&quot;][et_pb_row _builder_version=&quot;4.19.1&quot; _module_preset=&quot;default&quot; global_colors_info=&quot;{}&quot;][et_pb_column type=&quot;4_4&quot; _builder_version=&quot;4.19.1&quot; _module_preset=&quot;default&quot; global_colors_info=&quot;{}&quot;][et_pb_text _builder_version=&quot;4.24.3&quot; _module_preset=&quot;_initial&quot; header_font=&quot;Aclonica|700||on|||||&quot; header_text_color=&quot;#000000&quot; header_font_size=&quot;80px&quot; header_line_height=&quot;1.2em&quot; text_orientation=&quot;center&quot; hover_enabled=&quot;0&quot; header_font_size_tablet=&quot;40px&quot; header_font_size_phone=&quot;24px&quot; header_font_size_last_edited=&quot;on|desktop&quot; global_colors_info=&quot;{}&quot; sticky_enabled=&quot;0&quot;]Gallery[\/et_pb_text][\/et_pb_column][\/et_pb_row][\/et_pb_section][et_pb_section fb_built=&quot;1&quot; admin_label=&quot;Gallery&quot; _builder_version=&quot;4.19.1&quot; _module_preset=&quot;default&quot; background_color=&quot;gcid-c58d0f49-4478-4f0e-adea-65f847e9aac0&quot; collapsed=&quot;on&quot; global_colors_info=&quot;{%22gcid-c58d0f49-4478-4f0e-adea-65f847e9aac0%22:%91%22background_color%22%93}&quot;][et_pb_row column_structure=&quot;1_2,1_2&quot; use_custom_gutter=&quot;on&quot; gutter_width=&quot;2&quot; make_equal=&quot;on&quot; custom_padding_last_edited=&quot;on|tablet&quot; _builder_version=&quot;4.24.3&quot; _module_preset=&quot;default&quot; width=&quot;90%&quot; max_width=&quot;none&quot; custom_padding_tablet=&quot;||0px||false|false&quot; custom_padding_phone=&quot;||0px||false|false&quot; global_colors_info=&quot;{}&quot;][et_pb_column type=&quot;1_2&quot; _builder_version=&quot;4.19.1&quot; _module_preset=&quot;default&quot; global_colors_info=&quot;{}&quot;][et_pb_image src=&quot;https:\/\/www.hotel-plage-ste-maxime.com\/wp-content\/uploads\/2025\/03\/Hotel-La-Plage_Ste-Maxime_20250218-29-scaled.jpg&quot; title_text=&quot;H\u00f4tel La&hellip;\" \/>\n<meta name=\"robots\" content=\"index, follow, max-snippet:-1, max-image-preview:large, max-video-preview:-1\" \/>\n<link rel=\"canonical\" href=\"https:\/\/www.hotel-plage-ste-maxime.com\/galerie\/\" \/>\n<meta property=\"og:locale\" content=\"en_US\" \/>\n<meta property=\"og:type\" content=\"article\" \/>\n<meta property=\"og:title\" content=\"Galerie\" \/>\n<meta property=\"og:description\" content=\"[et_pb_section fb_built=&quot;1&quot; admin_label=&quot;Header&quot; _builder_version=&quot;4.24.3&quot; _module_preset=&quot;default&quot; background_color=&quot;gcid-c58d0f49-4478-4f0e-adea-65f847e9aac0&quot; custom_padding=&quot;||0px||false|false&quot; collapsed=&quot;on&quot; global_colors_info=&quot;{%22gcid-c58d0f49-4478-4f0e-adea-65f847e9aac0%22:%91%22background_color%22%93}&quot;][et_pb_row _builder_version=&quot;4.19.1&quot; _module_preset=&quot;default&quot; global_colors_info=&quot;{}&quot;][et_pb_column type=&quot;4_4&quot; _builder_version=&quot;4.19.1&quot; _module_preset=&quot;default&quot; global_colors_info=&quot;{}&quot;][et_pb_text _builder_version=&quot;4.24.3&quot; _module_preset=&quot;_initial&quot; header_font=&quot;Aclonica|700||on|||||&quot; header_text_color=&quot;#000000&quot; header_font_size=&quot;80px&quot; header_line_height=&quot;1.2em&quot; text_orientation=&quot;center&quot; hover_enabled=&quot;0&quot; header_font_size_tablet=&quot;40px&quot; header_font_size_phone=&quot;24px&quot; header_font_size_last_edited=&quot;on|desktop&quot; global_colors_info=&quot;{}&quot; sticky_enabled=&quot;0&quot;]Gallery[\/et_pb_text][\/et_pb_column][\/et_pb_row][\/et_pb_section][et_pb_section fb_built=&quot;1&quot; admin_label=&quot;Gallery&quot; _builder_version=&quot;4.19.1&quot; _module_preset=&quot;default&quot; background_color=&quot;gcid-c58d0f49-4478-4f0e-adea-65f847e9aac0&quot; collapsed=&quot;on&quot; global_colors_info=&quot;{%22gcid-c58d0f49-4478-4f0e-adea-65f847e9aac0%22:%91%22background_color%22%93}&quot;][et_pb_row column_structure=&quot;1_2,1_2&quot; use_custom_gutter=&quot;on&quot; gutter_width=&quot;2&quot; make_equal=&quot;on&quot; custom_padding_last_edited=&quot;on|tablet&quot; _builder_version=&quot;4.24.3&quot; _module_preset=&quot;default&quot; width=&quot;90%&quot; max_width=&quot;none&quot; custom_padding_tablet=&quot;||0px||false|false&quot; custom_padding_phone=&quot;||0px||false|false&quot; global_colors_info=&quot;{}&quot;][et_pb_column type=&quot;1_2&quot; _builder_version=&quot;4.19.1&quot; _module_preset=&quot;default&quot; global_colors_info=&quot;{}&quot;][et_pb_image src=&quot;https:\/\/www.hotel-plage-ste-maxime.com\/wp-content\/uploads\/2025\/03\/Hotel-La-Plage_Ste-Maxime_20250218-29-scaled.jpg&quot; title_text=&quot;H\u00f4tel La&hellip;\" \/>\n<meta property=\"og:url\" content=\"https:\/\/www.hotel-plage-ste-maxime.com\/galerie\/\" \/>\n<meta property=\"og:site_name\" content=\"H\u00f4tel La Plage\" \/>\n<meta property=\"article:modified_time\" content=\"2025-03-10T22:35:23+00:00\" \/>\n<meta name=\"twitter:card\" content=\"summary_large_image\" \/>\n<script type=\"application\/ld+json\" class=\"yoast-schema-graph\">{\"@context\":\"https:\/\/schema.org\",\"@graph\":[{\"@type\":\"WebPage\",\"@id\":\"https:\/\/www.hotel-plage-ste-maxime.com\/galerie\/\",\"url\":\"https:\/\/www.hotel-plage-ste-maxime.com\/galerie\/\",\"name\":\"Galerie - H\u00f4tel La Plage\",\"isPartOf\":{\"@id\":\"https:\/\/www.hotel-plage-ste-maxime.com\/#website\"},\"datePublished\":\"2024-05-16T11:24:40+00:00\",\"dateModified\":\"2025-03-10T22:35:23+00:00\",\"breadcrumb\":{\"@id\":\"https:\/\/www.hotel-plage-ste-maxime.com\/galerie\/#breadcrumb\"},\"inLanguage\":\"en-US\",\"potentialAction\":[{\"@type\":\"ReadAction\",\"target\":[\"https:\/\/www.hotel-plage-ste-maxime.com\/galerie\/\"]}]},{\"@type\":\"BreadcrumbList\",\"@id\":\"https:\/\/www.hotel-plage-ste-maxime.com\/galerie\/#breadcrumb\",\"itemListElement\":[{\"@type\":\"ListItem\",\"position\":1,\"name\":\"Accueil\",\"item\":\"https:\/\/www.hotel-plage-ste-maxime.com\/\"},{\"@type\":\"ListItem\",\"position\":2,\"name\":\"Galerie\"}]},{\"@type\":\"WebSite\",\"@id\":\"https:\/\/www.hotel-plage-ste-maxime.com\/#website\",\"url\":\"https:\/\/www.hotel-plage-ste-maxime.com\/\",\"name\":\"H\u00f4tel La Plage\",\"description\":\"Site officiel de L&#039;H\u00f4tel La Plage \u00e0 Sainte-Maxime\",\"potentialAction\":[{\"@type\":\"SearchAction\",\"target\":{\"@type\":\"EntryPoint\",\"urlTemplate\":\"https:\/\/www.hotel-plage-ste-maxime.com\/?s={search_term_string}\"},\"query-input\":\"required name=search_term_string\"}],\"inLanguage\":\"en-US\"}]}<\/script>\n<!-- \/ Yoast SEO plugin. -->","yoast_head_json":{"title":"Galerie","description":"[et_pb_section fb_built=\"1\" admin_label=\"Header\" _builder_version=\"4.24.3\" _module_preset=\"default\" background_color=\"gcid-c58d0f49-4478-4f0e-adea-65f847e9aac0\" custom_padding=\"||0px||false|false\" collapsed=\"on\" global_colors_info=\"{%22gcid-c58d0f49-4478-4f0e-adea-65f847e9aac0%22:%91%22background_color%22%93}\"][et_pb_row _builder_version=\"4.19.1\" _module_preset=\"default\" global_colors_info=\"{}\"][et_pb_column type=\"4_4\" _builder_version=\"4.19.1\" _module_preset=\"default\" global_colors_info=\"{}\"][et_pb_text _builder_version=\"4.24.3\" _module_preset=\"_initial\" header_font=\"Aclonica|700||on|||||\" header_text_color=\"#000000\" header_font_size=\"80px\" header_line_height=\"1.2em\" text_orientation=\"center\" hover_enabled=\"0\" header_font_size_tablet=\"40px\" header_font_size_phone=\"24px\" header_font_size_last_edited=\"on|desktop\" global_colors_info=\"{}\" sticky_enabled=\"0\"]Gallery[\/et_pb_text][\/et_pb_column][\/et_pb_row][\/et_pb_section][et_pb_section fb_built=\"1\" admin_label=\"Gallery\" _builder_version=\"4.19.1\" _module_preset=\"default\" background_color=\"gcid-c58d0f49-4478-4f0e-adea-65f847e9aac0\" collapsed=\"on\" global_colors_info=\"{%22gcid-c58d0f49-4478-4f0e-adea-65f847e9aac0%22:%91%22background_color%22%93}\"][et_pb_row column_structure=\"1_2,1_2\" use_custom_gutter=\"on\" gutter_width=\"2\" make_equal=\"on\" custom_padding_last_edited=\"on|tablet\" _builder_version=\"4.24.3\" _module_preset=\"default\" width=\"90%\" max_width=\"none\" custom_padding_tablet=\"||0px||false|false\" custom_padding_phone=\"||0px||false|false\" global_colors_info=\"{}\"][et_pb_column type=\"1_2\" _builder_version=\"4.19.1\" _module_preset=\"default\" global_colors_info=\"{}\"][et_pb_image src=\"https:\/\/www.hotel-plage-ste-maxime.com\/wp-content\/uploads\/2025\/03\/Hotel-La-Plage_Ste-Maxime_20250218-29-scaled.jpg\" title_text=\"H\u00f4tel La&hellip;","robots":{"index":"index","follow":"follow","max-snippet":"max-snippet:-1","max-image-preview":"max-image-preview:large","max-video-preview":"max-video-preview:-1"},"canonical":"https:\/\/www.hotel-plage-ste-maxime.com\/galerie\/","og_locale":"en_US","og_type":"article","og_title":"Galerie","og_description":"[et_pb_section fb_built=\"1\" admin_label=\"Header\" _builder_version=\"4.24.3\" _module_preset=\"default\" background_color=\"gcid-c58d0f49-4478-4f0e-adea-65f847e9aac0\" custom_padding=\"||0px||false|false\" collapsed=\"on\" global_colors_info=\"{%22gcid-c58d0f49-4478-4f0e-adea-65f847e9aac0%22:%91%22background_color%22%93}\"][et_pb_row _builder_version=\"4.19.1\" _module_preset=\"default\" global_colors_info=\"{}\"][et_pb_column type=\"4_4\" _builder_version=\"4.19.1\" _module_preset=\"default\" global_colors_info=\"{}\"][et_pb_text _builder_version=\"4.24.3\" _module_preset=\"_initial\" header_font=\"Aclonica|700||on|||||\" header_text_color=\"#000000\" header_font_size=\"80px\" header_line_height=\"1.2em\" text_orientation=\"center\" hover_enabled=\"0\" header_font_size_tablet=\"40px\" header_font_size_phone=\"24px\" header_font_size_last_edited=\"on|desktop\" global_colors_info=\"{}\" sticky_enabled=\"0\"]Gallery[\/et_pb_text][\/et_pb_column][\/et_pb_row][\/et_pb_section][et_pb_section fb_built=\"1\" admin_label=\"Gallery\" _builder_version=\"4.19.1\" _module_preset=\"default\" background_color=\"gcid-c58d0f49-4478-4f0e-adea-65f847e9aac0\" collapsed=\"on\" global_colors_info=\"{%22gcid-c58d0f49-4478-4f0e-adea-65f847e9aac0%22:%91%22background_color%22%93}\"][et_pb_row column_structure=\"1_2,1_2\" use_custom_gutter=\"on\" gutter_width=\"2\" make_equal=\"on\" custom_padding_last_edited=\"on|tablet\" _builder_version=\"4.24.3\" _module_preset=\"default\" width=\"90%\" max_width=\"none\" custom_padding_tablet=\"||0px||false|false\" custom_padding_phone=\"||0px||false|false\" global_colors_info=\"{}\"][et_pb_column type=\"1_2\" _builder_version=\"4.19.1\" _module_preset=\"default\" global_colors_info=\"{}\"][et_pb_image src=\"https:\/\/www.hotel-plage-ste-maxime.com\/wp-content\/uploads\/2025\/03\/Hotel-La-Plage_Ste-Maxime_20250218-29-scaled.jpg\" title_text=\"H\u00f4tel La&hellip;","og_url":"https:\/\/www.hotel-plage-ste-maxime.com\/galerie\/","og_site_name":"H\u00f4tel La Plage","article_modified_time":"2025-03-10T22:35:23+00:00","twitter_card":"summary_large_image","schema":{"@context":"https:\/\/schema.org","@graph":[{"@type":"WebPage","@id":"https:\/\/www.hotel-plage-ste-maxime.com\/galerie\/","url":"https:\/\/www.hotel-plage-ste-maxime.com\/galerie\/","name":"Galerie - H\u00f4tel La Plage","isPartOf":{"@id":"https:\/\/www.hotel-plage-ste-maxime.com\/#website"},"datePublished":"2024-05-16T11:24:40+00:00","dateModified":"2025-03-10T22:35:23+00:00","breadcrumb":{"@id":"https:\/\/www.hotel-plage-ste-maxime.com\/galerie\/#breadcrumb"},"inLanguage":"en-US","potentialAction":[{"@type":"ReadAction","target":["https:\/\/www.hotel-plage-ste-maxime.com\/galerie\/"]}]},{"@type":"BreadcrumbList","@id":"https:\/\/www.hotel-plage-ste-maxime.com\/galerie\/#breadcrumb","itemListElement":[{"@type":"ListItem","position":1,"name":"Accueil","item":"https:\/\/www.hotel-plage-ste-maxime.com\/"},{"@type":"ListItem","position":2,"name":"Galerie"}]},{"@type":"WebSite","@id":"https:\/\/www.hotel-plage-ste-maxime.com\/#website","url":"https:\/\/www.hotel-plage-ste-maxime.com\/","name":"H\u00f4tel La Plage","description":"Site officiel de L&#039;H\u00f4tel La Plage \u00e0 Sainte-Maxime","potentialAction":[{"@type":"SearchAction","target":{"@type":"EntryPoint","urlTemplate":"https:\/\/www.hotel-plage-ste-maxime.com\/?s={search_term_string}"},"query-input":"required name=search_term_string"}],"inLanguage":"en-US"}]}},"_links":{"self":[{"href":"https:\/\/www.hotel-plage-ste-maxime.com\/wp-json\/wp\/v2\/pages\/543","targetHints":{"allow":["GET"]}}],"collection":[{"href":"https:\/\/www.hotel-plage-ste-maxime.com\/wp-json\/wp\/v2\/pages"}],"about":[{"href":"https:\/\/www.hotel-plage-ste-maxime.com\/wp-json\/wp\/v2\/types\/page"}],"author":[{"embeddable":true,"href":"https:\/\/www.hotel-plage-ste-maxime.com\/wp-json\/wp\/v2\/users\/1"}],"replies":[{"embeddable":true,"href":"https:\/\/www.hotel-plage-ste-maxime.com\/wp-json\/wp\/v2\/comments?post=543"}],"version-history":[{"count":3,"href":"https:\/\/www.hotel-plage-ste-maxime.com\/wp-json\/wp\/v2\/pages\/543\/revisions"}],"predecessor-version":[{"id":627,"href":"https:\/\/www.hotel-plage-ste-maxime.com\/wp-json\/wp\/v2\/pages\/543\/revisions\/627"}],"wp:attachment":[{"href":"https:\/\/www.hotel-plage-ste-maxime.com\/wp-json\/wp\/v2\/media?parent=543"}],"curies":[{"name":"wp","href":"https:\/\/api.w.org\/{rel}","templated":true}]}}